{"id":97,"date":"2017-02-02T19:03:11","date_gmt":"2017-02-02T19:03:11","guid":{"rendered":"http:\/\/www.loschilcosdeliquine.cl\/?page_id=97"},"modified":"2017-03-02T12:56:45","modified_gmt":"2017-03-02T12:56:45","slug":"ubicacion","status":"publish","type":"page","link":"https:\/\/www.loschilcosdeliquine.cl\/index.php\/ubicacion\/","title":{"rendered":"Ubicaci\u00f3n"},"content":{"rendered":"<p>Camino internacional Carirri\u00f1e s\/n, Liqui\u00f1e, Panguipulli, Regi\u00f3n de Los R\u00edos, Chile.<\/p>\n<p>Desde Villarrica y Co\u00f1aripe salen buses hacia Liqui\u00f1e y se interna el camino al circuito de termas.<\/p>\n<p><img loading=\"lazy\" decoding=\"async\" class=\"wp-image-178 aligncenter\" src=\"http:\/\/www.loschilcosdeliquine.cl\/wp-content\/uploads\/2017\/03\/caba\u00f1as-1-300x239.jpg\" alt=\"\" width=\"154\" height=\"117\" \/><\/p>\n<p style=\"text-align: left;\"><iframe loading=\"lazy\" style=\"border: 0;\" src=\"https:\/\/www.google.com\/maps\/embed?pb=!1m18!1m12!1m3!1d823.3473342106132!2d-71.85589283690085!3d-39.73346853764407!2m3!1f0!2f0!3f0!3m2!1i1024!2i768!4f13.1!3m3!1m2!1s0x0%3A0x0!2zMznCsDQ0JzAwLjUiUyA3McKwNTEnMTguNiJX!5e1!3m2!1sen!2scl!4v1486008866107\" width=\"600\" height=\"450\" frameborder=\"0\" allowfullscreen=\"allowfullscreen\"><\/iframe><\/p>\n","protected":false},"excerpt":{"rendered":"<p>Camino internacional Carirri\u00f1e s\/n, Liqui\u00f1e, Panguipulli, Regi\u00f3n de Los R\u00edos, Chile. Desde Villarrica y Co\u00f1aripe salen buses hacia Liqui\u00f1e y[&#8230;]<\/p>\n","protected":false},"author":1,"featured_media":0,"parent":0,"menu_order":0,"comment_status":"closed","ping_status":"closed","template":"","meta":{"footnotes":""},"class_list":["post-97","page","type-page","status-publish","hentry"],"_links":{"self":[{"href":"https:\/\/www.loschilcosdeliquine.cl\/index.php\/wp-json\/wp\/v2\/pages\/97","targetHints":{"allow":["GET"]}}],"collection":[{"href":"https:\/\/www.loschilcosdeliquine.cl\/index.php\/wp-json\/wp\/v2\/pages"}],"about":[{"href":"https:\/\/www.loschilcosdeliquine.cl\/index.php\/wp-json\/wp\/v2\/types\/page"}],"author":[{"embeddable":true,"href":"https:\/\/www.loschilcosdeliquine.cl\/index.php\/wp-json\/wp\/v2\/users\/1"}],"replies":[{"embeddable":true,"href":"https:\/\/www.loschilcosdeliquine.cl\/index.php\/wp-json\/wp\/v2\/comments?post=97"}],"version-history":[{"count":3,"href":"https:\/\/www.loschilcosdeliquine.cl\/index.php\/wp-json\/wp\/v2\/pages\/97\/revisions"}],"predecessor-version":[{"id":201,"href":"https:\/\/www.loschilcosdeliquine.cl\/index.php\/wp-json\/wp\/v2\/pages\/97\/revisions\/201"}],"wp:attachment":[{"href":"https:\/\/www.loschilcosdeliquine.cl\/index.php\/wp-json\/wp\/v2\/media?parent=97"}],"curies":[{"name":"wp","href":"https:\/\/api.w.org\/{rel}","templated":true}]}}