{"id":2,"date":"2017-02-02T03:19:17","date_gmt":"2017-02-02T03:19:17","guid":{"rendered":"http:\/\/www.loschilcosdeliquine.cl\/?page_id=2"},"modified":"2024-01-15T18:46:46","modified_gmt":"2024-01-15T18:46:46","slug":"pagina-de-ejemplo","status":"publish","type":"page","link":"https:\/\/www.loschilcosdeliquine.cl\/","title":{"rendered":"Bienvenido"},"content":{"rendered":"<p>Bienvenidos a las caba\u00f1as Los Chilcos de Liqui\u00f1e, ubicadas en el centro de Liqui\u00f1e, un hermoso valle rodeados de 8 centros termales, r\u00edos, lagos y vegetaci\u00f3n que solo el Sur de Chile puede ofrecer a nuestros hu\u00e9spedes y turistas que nos visitan.<\/p>\n<p>Atendidos por su propio due\u00f1o, caba\u00f1as r\u00fasticas y con todo lo necesario para disfrutar de su estad\u00eda.<\/p>\n<p>Para valores y disponibilidad comunicarse con <strong>Don Noe Cano<\/strong><\/p>\n<p>Celular Entel <strong>+56 9 9832 0800<\/strong><\/p>\n<p><img loading=\"lazy\" decoding=\"async\" class=\"alignnone wp-image-178 alignright\" src=\"http:\/\/www.loschilcosdeliquine.cl\/wp-content\/uploads\/2017\/03\/caba\u00f1as-1-300x239.jpg\" alt=\"\" width=\"257\" height=\"195\" \/><\/p>\n<p><strong>Check out hasta las 14:00 hrs.<\/strong><\/p>\n<p><strong>No se admiten mascotas.<\/strong><\/p>\n<div id=\"awesome-weather-panguipulli-chile\" class=\"awesome-weather-wrap awecf awe_tall awe_with_stats awe-code-800 awe-desc-cielo-claro\" style=\" color: #ffffff; \"><div class=\"awesome-weather-header\">Panguipulli<\/div><div class=\"awesome-weather-current-temp\"><strong>0<sup>&deg;<\/sup><\/strong><\/div><!-- \/.awesome-weather-current-temp --><div class=\"awesome-weather-todays-stats\"><div class=\"awe_desc\">cielo claro<\/div><div class=\"awe_humidty\">humidity: 92%<\/div><div class=\"awe_wind\">wind: 2m\/s SE<\/div><\/div><!-- \/.awesome-weather-todays-stats --><div class=\"awesome-weather-forecast awe_days_4 awecf\">\n\t\t\t\t<div class=\"awesome-weather-forecast-day\">\n\t\t\t\t\t<div class=\"awesome-weather-forecast-day-temp\">14<sup>&deg;<\/sup><\/div>\n\t\t\t\t\t<div class=\"awesome-weather-forecast-day-abbr\">Sun<\/div>\n\t\t\t\t<\/div>\n\t\t\t\t<div class=\"awesome-weather-forecast-day\">\n\t\t\t\t\t<div class=\"awesome-weather-forecast-day-temp\">16<sup>&deg;<\/sup><\/div>\n\t\t\t\t\t<div class=\"awesome-weather-forecast-day-abbr\">Mon<\/div>\n\t\t\t\t<\/div>\n\t\t\t\t<div class=\"awesome-weather-forecast-day\">\n\t\t\t\t\t<div class=\"awesome-weather-forecast-day-temp\">15<sup>&deg;<\/sup><\/div>\n\t\t\t\t\t<div class=\"awesome-weather-forecast-day-abbr\">Tue<\/div>\n\t\t\t\t<\/div>\n\t\t\t\t<div class=\"awesome-weather-forecast-day\">\n\t\t\t\t\t<div class=\"awesome-weather-forecast-day-temp\">14<sup>&deg;<\/sup><\/div>\n\t\t\t\t\t<div class=\"awesome-weather-forecast-day-abbr\">Wed<\/div>\n\t\t\t\t<\/div><\/div><!-- \/.awesome-weather-forecast --><div class=\"awesome-weather-attribution\">Weather from OpenWeatherMap<\/div><\/div> <!-- \/.awesome-weather-wrap -->\n","protected":false},"excerpt":{"rendered":"<p>Bienvenidos a las caba\u00f1as Los Chilcos de Liqui\u00f1e, ubicadas en el centro de Liqui\u00f1e, un hermoso valle rodeados de 8[&#8230;]<\/p>\n","protected":false},"author":1,"featured_media":0,"parent":0,"menu_order":0,"comment_status":"closed","ping_status":"closed","template":"","meta":{"footnotes":""},"class_list":["post-2","page","type-page","status-publish","hentry"],"_links":{"self":[{"href":"https:\/\/www.loschilcosdeliquine.cl\/index.php\/wp-json\/wp\/v2\/pages\/2","targetHints":{"allow":["GET"]}}],"collection":[{"href":"https:\/\/www.loschilcosdeliquine.cl\/index.php\/wp-json\/wp\/v2\/pages"}],"about":[{"href":"https:\/\/www.loschilcosdeliquine.cl\/index.php\/wp-json\/wp\/v2\/types\/page"}],"author":[{"embeddable":true,"href":"https:\/\/www.loschilcosdeliquine.cl\/index.php\/wp-json\/wp\/v2\/users\/1"}],"replies":[{"embeddable":true,"href":"https:\/\/www.loschilcosdeliquine.cl\/index.php\/wp-json\/wp\/v2\/comments?post=2"}],"version-history":[{"count":20,"href":"https:\/\/www.loschilcosdeliquine.cl\/index.php\/wp-json\/wp\/v2\/pages\/2\/revisions"}],"predecessor-version":[{"id":317,"href":"https:\/\/www.loschilcosdeliquine.cl\/index.php\/wp-json\/wp\/v2\/pages\/2\/revisions\/317"}],"wp:attachment":[{"href":"https:\/\/www.loschilcosdeliquine.cl\/index.php\/wp-json\/wp\/v2\/media?parent=2"}],"curies":[{"name":"wp","href":"https:\/\/api.w.org\/{rel}","templated":true}]}}