{"id":103,"date":"2017-02-02T19:11:36","date_gmt":"2017-02-02T19:11:36","guid":{"rendered":"http:\/\/www.loschilcosdeliquine.cl\/?page_id=103"},"modified":"2017-03-02T13:04:02","modified_gmt":"2017-03-02T13:04:02","slug":"liquine","status":"publish","type":"page","link":"https:\/\/www.loschilcosdeliquine.cl\/index.php\/liquine\/","title":{"rendered":"Liqui\u00f1e"},"content":{"rendered":"<p>Liqui\u00f1e cuenta con mas de 8 centros termales y est\u00e1 cercano a r\u00edos, lagos, Salto del Huilo Huilo, lago Neltume, lago Calafquen, lago Panguipulli, lago Pirihueico, paso internacional Carirri\u00f1e.<\/p>\n<p>Negocios, restaurantes, tiendas de artesan\u00eda, feria artesanal y de comida (solo en temporada)<\/p>\n<p>Por el momento solo llega se\u00f1al de telefon\u00eda Entel.<\/p>\n<p>Existe un mirador en Liqui\u00f1e alto, en donde se puede apreciar todo el valle, como tambi\u00e9n caminatas a la cascada.<\/p>\n<p><img loading=\"lazy\" decoding=\"async\" class=\"aligncenter wp-image-203 size-full\" src=\"http:\/\/www.loschilcosdeliquine.cl\/wp-content\/uploads\/2017\/02\/IMG_4519.jpg\" width=\"1024\" height=\"231\" srcset=\"https:\/\/www.loschilcosdeliquine.cl\/wp-content\/uploads\/2017\/02\/IMG_4519.jpg 1024w, https:\/\/www.loschilcosdeliquine.cl\/wp-content\/uploads\/2017\/02\/IMG_4519-300x68.jpg 300w, https:\/\/www.loschilcosdeliquine.cl\/wp-content\/uploads\/2017\/02\/IMG_4519-768x173.jpg 768w\" sizes=\"auto, (max-width: 1024px) 100vw, 1024px\" \/><\/p>\n<p>&nbsp;<\/p>\n<div id='gallery-1' class='gallery galleryid-103 gallery-columns-4 gallery-size-thumbnail'><figure class='gallery-item'>\n\t\t\t<div class='gallery-icon landscape'>\n\t\t\t\t<a href='https:\/\/www.loschilcosdeliquine.cl\/wp-content\/uploads\/2017\/02\/paso-carirrine.jpg'><img loading=\"lazy\" decoding=\"async\" width=\"150\" height=\"150\" src=\"https:\/\/www.loschilcosdeliquine.cl\/wp-content\/uploads\/2017\/02\/paso-carirrine-150x150.jpg\" class=\"attachment-thumbnail size-thumbnail\" alt=\"\" \/><\/a>\n\t\t\t<\/div><\/figure><figure class='gallery-item'>\n\t\t\t<div class='gallery-icon landscape'>\n\t\t\t\t<a href='https:\/\/www.loschilcosdeliquine.cl\/wp-content\/uploads\/2017\/02\/pinon.jpg'><img loading=\"lazy\" decoding=\"async\" width=\"150\" height=\"150\" src=\"https:\/\/www.loschilcosdeliquine.cl\/wp-content\/uploads\/2017\/02\/pinon-150x150.jpg\" class=\"attachment-thumbnail size-thumbnail\" alt=\"\" \/><\/a>\n\t\t\t<\/div><\/figure><figure class='gallery-item'>\n\t\t\t<div class='gallery-icon landscape'>\n\t\t\t\t<a href='https:\/\/www.loschilcosdeliquine.cl\/wp-content\/uploads\/2017\/02\/praderas-de-liquine.jpg'><img loading=\"lazy\" decoding=\"async\" width=\"150\" height=\"150\" src=\"https:\/\/www.loschilcosdeliquine.cl\/wp-content\/uploads\/2017\/02\/praderas-de-liquine-150x150.jpg\" class=\"attachment-thumbnail size-thumbnail\" alt=\"\" \/><\/a>\n\t\t\t<\/div><\/figure><figure class='gallery-item'>\n\t\t\t<div class='gallery-icon landscape'>\n\t\t\t\t<a href='https:\/\/www.loschilcosdeliquine.cl\/wp-content\/uploads\/2017\/02\/rio-liquine.jpg'><img loading=\"lazy\" decoding=\"async\" width=\"150\" height=\"150\" src=\"https:\/\/www.loschilcosdeliquine.cl\/wp-content\/uploads\/2017\/02\/rio-liquine-150x150.jpg\" class=\"attachment-thumbnail size-thumbnail\" alt=\"\" \/><\/a>\n\t\t\t<\/div><\/figure><figure class='gallery-item'>\n\t\t\t<div class='gallery-icon landscape'>\n\t\t\t\t<a href='https:\/\/www.loschilcosdeliquine.cl\/wp-content\/uploads\/2017\/02\/s5030634.jpg'><img loading=\"lazy\" decoding=\"async\" width=\"150\" height=\"150\" src=\"https:\/\/www.loschilcosdeliquine.cl\/wp-content\/uploads\/2017\/02\/s5030634-150x150.jpg\" class=\"attachment-thumbnail size-thumbnail\" alt=\"\" \/><\/a>\n\t\t\t<\/div><\/figure><figure class='gallery-item'>\n\t\t\t<div class='gallery-icon portrait'>\n\t\t\t\t<a href='https:\/\/www.loschilcosdeliquine.cl\/wp-content\/uploads\/2017\/02\/s5030749.jpg'><img loading=\"lazy\" decoding=\"async\" width=\"150\" height=\"150\" src=\"https:\/\/www.loschilcosdeliquine.cl\/wp-content\/uploads\/2017\/02\/s5030749-150x150.jpg\" class=\"attachment-thumbnail size-thumbnail\" alt=\"\" \/><\/a>\n\t\t\t<\/div><\/figure><figure class='gallery-item'>\n\t\t\t<div class='gallery-icon landscape'>\n\t\t\t\t<a href='https:\/\/www.loschilcosdeliquine.cl\/wp-content\/uploads\/2017\/02\/s5030846.jpg'><img loading=\"lazy\" decoding=\"async\" width=\"150\" height=\"150\" src=\"https:\/\/www.loschilcosdeliquine.cl\/wp-content\/uploads\/2017\/02\/s5030846-150x150.jpg\" class=\"attachment-thumbnail size-thumbnail\" alt=\"\" \/><\/a>\n\t\t\t<\/div><\/figure><figure class='gallery-item'>\n\t\t\t<div class='gallery-icon landscape'>\n\t\t\t\t<a href='https:\/\/www.loschilcosdeliquine.cl\/wp-content\/uploads\/2017\/02\/s5031688.jpg'><img loading=\"lazy\" decoding=\"async\" width=\"150\" height=\"150\" src=\"https:\/\/www.loschilcosdeliquine.cl\/wp-content\/uploads\/2017\/02\/s5031688-150x150.jpg\" class=\"attachment-thumbnail size-thumbnail\" alt=\"\" \/><\/a>\n\t\t\t<\/div><\/figure><figure class='gallery-item'>\n\t\t\t<div class='gallery-icon landscape'>\n\t\t\t\t<a href='https:\/\/www.loschilcosdeliquine.cl\/wp-content\/uploads\/2017\/02\/termas-punulaf.jpg'><img loading=\"lazy\" decoding=\"async\" width=\"150\" height=\"150\" src=\"https:\/\/www.loschilcosdeliquine.cl\/wp-content\/uploads\/2017\/02\/termas-punulaf-150x150.jpg\" class=\"attachment-thumbnail size-thumbnail\" alt=\"\" \/><\/a>\n\t\t\t<\/div><\/figure><figure class='gallery-item'>\n\t\t\t<div class='gallery-icon landscape'>\n\t\t\t\t<a href='https:\/\/www.loschilcosdeliquine.cl\/wp-content\/uploads\/2017\/02\/termas-punulaf2.jpg'><img loading=\"lazy\" decoding=\"async\" width=\"150\" height=\"150\" src=\"https:\/\/www.loschilcosdeliquine.cl\/wp-content\/uploads\/2017\/02\/termas-punulaf2-150x150.jpg\" class=\"attachment-thumbnail size-thumbnail\" alt=\"\" \/><\/a>\n\t\t\t<\/div><\/figure><figure class='gallery-item'>\n\t\t\t<div class='gallery-icon landscape'>\n\t\t\t\t<a href='https:\/\/www.loschilcosdeliquine.cl\/wp-content\/uploads\/2017\/02\/tranguil.jpg'><img loading=\"lazy\" decoding=\"async\" width=\"150\" height=\"150\" src=\"https:\/\/www.loschilcosdeliquine.cl\/wp-content\/uploads\/2017\/02\/tranguil-150x150.jpg\" class=\"attachment-thumbnail size-thumbnail\" alt=\"\" \/><\/a>\n\t\t\t<\/div><\/figure><figure class='gallery-item'>\n\t\t\t<div class='gallery-icon landscape'>\n\t\t\t\t<a href='https:\/\/www.loschilcosdeliquine.cl\/wp-content\/uploads\/2017\/02\/volcan-villarrica.jpg'><img loading=\"lazy\" decoding=\"async\" width=\"150\" height=\"150\" src=\"https:\/\/www.loschilcosdeliquine.cl\/wp-content\/uploads\/2017\/02\/volcan-villarrica-150x150.jpg\" class=\"attachment-thumbnail size-thumbnail\" alt=\"\" \/><\/a>\n\t\t\t<\/div><\/figure><figure class='gallery-item'>\n\t\t\t<div class='gallery-icon landscape'>\n\t\t\t\t<a href='https:\/\/www.loschilcosdeliquine.cl\/wp-content\/uploads\/2017\/02\/166626_1850066730927_1218490057_2192928_6133718_n.jpg'><img loading=\"lazy\" decoding=\"async\" width=\"150\" height=\"150\" src=\"https:\/\/www.loschilcosdeliquine.cl\/wp-content\/uploads\/2017\/02\/166626_1850066730927_1218490057_2192928_6133718_n-150x150.jpg\" class=\"attachment-thumbnail size-thumbnail\" alt=\"\" \/><\/a>\n\t\t\t<\/div><\/figure><figure class='gallery-item'>\n\t\t\t<div class='gallery-icon landscape'>\n\t\t\t\t<a href='https:\/\/www.loschilcosdeliquine.cl\/wp-content\/uploads\/2017\/02\/166819_1850140372768_1218490057_2193143_5944124_n-1.jpg'><img loading=\"lazy\" decoding=\"async\" width=\"150\" height=\"150\" src=\"https:\/\/www.loschilcosdeliquine.cl\/wp-content\/uploads\/2017\/02\/166819_1850140372768_1218490057_2193143_5944124_n-1-150x150.jpg\" class=\"attachment-thumbnail size-thumbnail\" alt=\"\" \/><\/a>\n\t\t\t<\/div><\/figure><figure class='gallery-item'>\n\t\t\t<div class='gallery-icon landscape'>\n\t\t\t\t<a href='https:\/\/www.loschilcosdeliquine.cl\/wp-content\/uploads\/2017\/02\/167143_1850080491271_1218490057_2192987_2748684_n.jpg'><img loading=\"lazy\" decoding=\"async\" width=\"150\" height=\"150\" src=\"https:\/\/www.loschilcosdeliquine.cl\/wp-content\/uploads\/2017\/02\/167143_1850080491271_1218490057_2192987_2748684_n-150x150.jpg\" class=\"attachment-thumbnail size-thumbnail\" alt=\"\" \/><\/a>\n\t\t\t<\/div><\/figure><figure class='gallery-item'>\n\t\t\t<div class='gallery-icon landscape'>\n\t\t\t\t<a href='https:\/\/www.loschilcosdeliquine.cl\/wp-content\/uploads\/2017\/02\/167213_1850086571423_1218490057_2193019_7751137_n.jpg'><img loading=\"lazy\" decoding=\"async\" width=\"150\" height=\"150\" src=\"https:\/\/www.loschilcosdeliquine.cl\/wp-content\/uploads\/2017\/02\/167213_1850086571423_1218490057_2193019_7751137_n-150x150.jpg\" class=\"attachment-thumbnail size-thumbnail\" alt=\"\" \/><\/a>\n\t\t\t<\/div><\/figure><figure class='gallery-item'>\n\t\t\t<div class='gallery-icon landscape'>\n\t\t\t\t<a href='https:\/\/www.loschilcosdeliquine.cl\/wp-content\/uploads\/2017\/02\/168655_1850085611399_1218490057_2193013_81652_n.jpg'><img loading=\"lazy\" decoding=\"async\" width=\"150\" height=\"150\" src=\"https:\/\/www.loschilcosdeliquine.cl\/wp-content\/uploads\/2017\/02\/168655_1850085611399_1218490057_2193013_81652_n-150x150.jpg\" class=\"attachment-thumbnail size-thumbnail\" alt=\"\" \/><\/a>\n\t\t\t<\/div><\/figure><figure class='gallery-item'>\n\t\t\t<div class='gallery-icon landscape'>\n\t\t\t\t<a href='https:\/\/www.loschilcosdeliquine.cl\/wp-content\/uploads\/2017\/02\/168779_1850081331292_1218490057_2192991_6929059_n.jpg'><img loading=\"lazy\" decoding=\"async\" width=\"150\" height=\"150\" src=\"https:\/\/www.loschilcosdeliquine.cl\/wp-content\/uploads\/2017\/02\/168779_1850081331292_1218490057_2192991_6929059_n-150x150.jpg\" class=\"attachment-thumbnail size-thumbnail\" alt=\"\" \/><\/a>\n\t\t\t<\/div><\/figure><figure class='gallery-item'>\n\t\t\t<div class='gallery-icon landscape'>\n\t\t\t\t<a href='https:\/\/www.loschilcosdeliquine.cl\/wp-content\/uploads\/2017\/02\/179644_1847165858407_1218490057_2186207_5173366_n.jpg'><img loading=\"lazy\" decoding=\"async\" width=\"150\" height=\"150\" src=\"https:\/\/www.loschilcosdeliquine.cl\/wp-content\/uploads\/2017\/02\/179644_1847165858407_1218490057_2186207_5173366_n-150x150.jpg\" class=\"attachment-thumbnail size-thumbnail\" alt=\"\" \/><\/a>\n\t\t\t<\/div><\/figure><figure class='gallery-item'>\n\t\t\t<div class='gallery-icon landscape'>\n\t\t\t\t<a href='https:\/\/www.loschilcosdeliquine.cl\/wp-content\/uploads\/2017\/02\/180136_1850085011384_1218490057_2193010_3492539_n.jpg'><img loading=\"lazy\" decoding=\"async\" width=\"150\" height=\"150\" src=\"https:\/\/www.loschilcosdeliquine.cl\/wp-content\/uploads\/2017\/02\/180136_1850085011384_1218490057_2193010_3492539_n-150x150.jpg\" class=\"attachment-thumbnail size-thumbnail\" alt=\"\" \/><\/a>\n\t\t\t<\/div><\/figure><figure class='gallery-item'>\n\t\t\t<div class='gallery-icon landscape'>\n\t\t\t\t<a href='https:\/\/www.loschilcosdeliquine.cl\/wp-content\/uploads\/2017\/02\/181312_1847167258442_1218490057_2186214_3822180_n.jpg'><img loading=\"lazy\" decoding=\"async\" width=\"150\" height=\"150\" src=\"https:\/\/www.loschilcosdeliquine.cl\/wp-content\/uploads\/2017\/02\/181312_1847167258442_1218490057_2186214_3822180_n-150x150.jpg\" class=\"attachment-thumbnail size-thumbnail\" alt=\"\" \/><\/a>\n\t\t\t<\/div><\/figure><figure class='gallery-item'>\n\t\t\t<div class='gallery-icon landscape'>\n\t\t\t\t<a href='https:\/\/www.loschilcosdeliquine.cl\/wp-content\/uploads\/2017\/02\/181743_1850085331392_1218490057_2193011_3376002_n.jpg'><img loading=\"lazy\" decoding=\"async\" width=\"150\" height=\"150\" src=\"https:\/\/www.loschilcosdeliquine.cl\/wp-content\/uploads\/2017\/02\/181743_1850085331392_1218490057_2193011_3376002_n-150x150.jpg\" class=\"attachment-thumbnail size-thumbnail\" alt=\"\" \/><\/a>\n\t\t\t<\/div><\/figure><figure class='gallery-item'>\n\t\t\t<div class='gallery-icon landscape'>\n\t\t\t\t<a href='https:\/\/www.loschilcosdeliquine.cl\/wp-content\/uploads\/2017\/02\/181847_1850139812754_1218490057_2193141_353122_n.jpg'><img loading=\"lazy\" decoding=\"async\" width=\"150\" height=\"150\" src=\"https:\/\/www.loschilcosdeliquine.cl\/wp-content\/uploads\/2017\/02\/181847_1850139812754_1218490057_2193141_353122_n-150x150.jpg\" class=\"attachment-thumbnail size-thumbnail\" alt=\"\" \/><\/a>\n\t\t\t<\/div><\/figure><figure class='gallery-item'>\n\t\t\t<div class='gallery-icon landscape'>\n\t\t\t\t<a href='https:\/\/www.loschilcosdeliquine.cl\/wp-content\/uploads\/2017\/02\/araucaria.jpg'><img loading=\"lazy\" decoding=\"async\" width=\"150\" height=\"150\" src=\"https:\/\/www.loschilcosdeliquine.cl\/wp-content\/uploads\/2017\/02\/araucaria-150x150.jpg\" class=\"attachment-thumbnail size-thumbnail\" alt=\"\" \/><\/a>\n\t\t\t<\/div><\/figure><figure class='gallery-item'>\n\t\t\t<div class='gallery-icon landscape'>\n\t\t\t\t<a href='https:\/\/www.loschilcosdeliquine.cl\/wp-content\/uploads\/2017\/02\/artesania.jpg'><img loading=\"lazy\" decoding=\"async\" width=\"150\" height=\"150\" src=\"https:\/\/www.loschilcosdeliquine.cl\/wp-content\/uploads\/2017\/02\/artesania-150x150.jpg\" class=\"attachment-thumbnail size-thumbnail\" alt=\"\" \/><\/a>\n\t\t\t<\/div><\/figure><figure class='gallery-item'>\n\t\t\t<div class='gallery-icon landscape'>\n\t\t\t\t<a href='https:\/\/www.loschilcosdeliquine.cl\/wp-content\/uploads\/2017\/02\/artesania-a-motosierra.jpg'><img loading=\"lazy\" decoding=\"async\" width=\"150\" height=\"150\" src=\"https:\/\/www.loschilcosdeliquine.cl\/wp-content\/uploads\/2017\/02\/artesania-a-motosierra-150x150.jpg\" class=\"attachment-thumbnail size-thumbnail\" alt=\"\" \/><\/a>\n\t\t\t<\/div><\/figure><figure class='gallery-item'>\n\t\t\t<div class='gallery-icon landscape'>\n\t\t\t\t<a href='https:\/\/www.loschilcosdeliquine.cl\/wp-content\/uploads\/2017\/02\/bueyes.jpg'><img loading=\"lazy\" decoding=\"async\" width=\"150\" height=\"150\" src=\"https:\/\/www.loschilcosdeliquine.cl\/wp-content\/uploads\/2017\/02\/bueyes-150x150.jpg\" class=\"attachment-thumbnail size-thumbnail\" alt=\"\" \/><\/a>\n\t\t\t<\/div><\/figure><figure class='gallery-item'>\n\t\t\t<div class='gallery-icon portrait'>\n\t\t\t\t<a href='https:\/\/www.loschilcosdeliquine.cl\/wp-content\/uploads\/2017\/02\/cascada.jpg'><img loading=\"lazy\" decoding=\"async\" width=\"150\" height=\"150\" src=\"https:\/\/www.loschilcosdeliquine.cl\/wp-content\/uploads\/2017\/02\/cascada-150x150.jpg\" class=\"attachment-thumbnail size-thumbnail\" alt=\"\" \/><\/a>\n\t\t\t<\/div><\/figure><figure class='gallery-item'>\n\t\t\t<div class='gallery-icon landscape'>\n\t\t\t\t<a href='https:\/\/www.loschilcosdeliquine.cl\/wp-content\/uploads\/2017\/02\/cascada-de-liquine.jpg'><img loading=\"lazy\" decoding=\"async\" width=\"150\" height=\"150\" src=\"https:\/\/www.loschilcosdeliquine.cl\/wp-content\/uploads\/2017\/02\/cascada-de-liquine-150x150.jpg\" class=\"attachment-thumbnail size-thumbnail\" alt=\"\" \/><\/a>\n\t\t\t<\/div><\/figure><figure class='gallery-item'>\n\t\t\t<div class='gallery-icon landscape'>\n\t\t\t\t<a href='https:\/\/www.loschilcosdeliquine.cl\/wp-content\/uploads\/2017\/02\/catuto.jpg'><img loading=\"lazy\" decoding=\"async\" width=\"150\" height=\"150\" src=\"https:\/\/www.loschilcosdeliquine.cl\/wp-content\/uploads\/2017\/02\/catuto-150x150.jpg\" class=\"attachment-thumbnail size-thumbnail\" alt=\"\" \/><\/a>\n\t\t\t<\/div><\/figure><figure class='gallery-item'>\n\t\t\t<div class='gallery-icon landscape'>\n\t\t\t\t<a href='https:\/\/www.loschilcosdeliquine.cl\/wp-content\/uploads\/2017\/02\/cuesta-de-los-aniques.jpg'><img loading=\"lazy\" decoding=\"async\" width=\"150\" height=\"150\" src=\"https:\/\/www.loschilcosdeliquine.cl\/wp-content\/uploads\/2017\/02\/cuesta-de-los-aniques-150x150.jpg\" class=\"attachment-thumbnail size-thumbnail\" alt=\"\" \/><\/a>\n\t\t\t<\/div><\/figure><figure class='gallery-item'>\n\t\t\t<div class='gallery-icon landscape'>\n\t\t\t\t<a href='https:\/\/www.loschilcosdeliquine.cl\/wp-content\/uploads\/2017\/02\/diguenes.jpg'><img loading=\"lazy\" decoding=\"async\" width=\"150\" height=\"150\" src=\"https:\/\/www.loschilcosdeliquine.cl\/wp-content\/uploads\/2017\/02\/diguenes-150x150.jpg\" class=\"attachment-thumbnail size-thumbnail\" alt=\"\" \/><\/a>\n\t\t\t<\/div><\/figure><figure class='gallery-item'>\n\t\t\t<div class='gallery-icon landscape'>\n\t\t\t\t<a href='https:\/\/www.loschilcosdeliquine.cl\/wp-content\/uploads\/2017\/02\/gastronomia-campesina.jpg'><img loading=\"lazy\" decoding=\"async\" width=\"150\" height=\"150\" src=\"https:\/\/www.loschilcosdeliquine.cl\/wp-content\/uploads\/2017\/02\/gastronomia-campesina-150x150.jpg\" class=\"attachment-thumbnail size-thumbnail\" alt=\"\" \/><\/a>\n\t\t\t<\/div><\/figure><figure class='gallery-item'>\n\t\t\t<div class='gallery-icon landscape'>\n\t\t\t\t<a href='https:\/\/www.loschilcosdeliquine.cl\/wp-content\/uploads\/2017\/02\/huilo-huilo.jpg'><img loading=\"lazy\" decoding=\"async\" width=\"150\" height=\"150\" src=\"https:\/\/www.loschilcosdeliquine.cl\/wp-content\/uploads\/2017\/02\/huilo-huilo-150x150.jpg\" class=\"attachment-thumbnail size-thumbnail\" alt=\"\" \/><\/a>\n\t\t\t<\/div><\/figure><figure class='gallery-item'>\n\t\t\t<div class='gallery-icon landscape'>\n\t\t\t\t<a href='https:\/\/www.loschilcosdeliquine.cl\/wp-content\/uploads\/2017\/02\/lago-neltume.jpg'><img loading=\"lazy\" decoding=\"async\" width=\"150\" height=\"150\" src=\"https:\/\/www.loschilcosdeliquine.cl\/wp-content\/uploads\/2017\/02\/lago-neltume-150x150.jpg\" class=\"attachment-thumbnail size-thumbnail\" alt=\"\" \/><\/a>\n\t\t\t<\/div><\/figure>\n\t\t<\/div>\n\n<p>&nbsp;<\/p>\n<div id='gallery-2' class='gallery galleryid-103 gallery-columns-4 gallery-size-thumbnail'><figure class='gallery-item'>\n\t\t\t<div class='gallery-icon landscape'>\n\t\t\t\t<a href='https:\/\/www.loschilcosdeliquine.cl\/wp-content\/uploads\/2017\/02\/00004-1.jpg'><img loading=\"lazy\" decoding=\"async\" width=\"150\" height=\"150\" src=\"https:\/\/www.loschilcosdeliquine.cl\/wp-content\/uploads\/2017\/02\/00004-1-150x150.jpg\" class=\"attachment-thumbnail size-thumbnail\" alt=\"\" \/><\/a>\n\t\t\t<\/div><\/figure><figure class='gallery-item'>\n\t\t\t<div class='gallery-icon landscape'>\n\t\t\t\t<a href='https:\/\/www.loschilcosdeliquine.cl\/wp-content\/uploads\/2017\/02\/00005-1.jpg'><img loading=\"lazy\" decoding=\"async\" width=\"150\" height=\"150\" src=\"https:\/\/www.loschilcosdeliquine.cl\/wp-content\/uploads\/2017\/02\/00005-1-150x150.jpg\" class=\"attachment-thumbnail size-thumbnail\" alt=\"\" \/><\/a>\n\t\t\t<\/div><\/figure><figure class='gallery-item'>\n\t\t\t<div class='gallery-icon landscape'>\n\t\t\t\t<a href='https:\/\/www.loschilcosdeliquine.cl\/wp-content\/uploads\/2017\/02\/00006-1.jpg'><img loading=\"lazy\" decoding=\"async\" width=\"150\" height=\"150\" src=\"https:\/\/www.loschilcosdeliquine.cl\/wp-content\/uploads\/2017\/02\/00006-1-150x150.jpg\" class=\"attachment-thumbnail size-thumbnail\" alt=\"\" \/><\/a>\n\t\t\t<\/div><\/figure><figure class='gallery-item'>\n\t\t\t<div class='gallery-icon landscape'>\n\t\t\t\t<a href='https:\/\/www.loschilcosdeliquine.cl\/wp-content\/uploads\/2017\/02\/00007.jpg'><img loading=\"lazy\" decoding=\"async\" width=\"150\" height=\"150\" src=\"https:\/\/www.loschilcosdeliquine.cl\/wp-content\/uploads\/2017\/02\/00007-150x150.jpg\" class=\"attachment-thumbnail size-thumbnail\" alt=\"\" \/><\/a>\n\t\t\t<\/div><\/figure><figure class='gallery-item'>\n\t\t\t<div class='gallery-icon landscape'>\n\t\t\t\t<a href='https:\/\/www.loschilcosdeliquine.cl\/wp-content\/uploads\/2017\/02\/00008.jpg'><img loading=\"lazy\" decoding=\"async\" width=\"150\" height=\"150\" src=\"https:\/\/www.loschilcosdeliquine.cl\/wp-content\/uploads\/2017\/02\/00008-150x150.jpg\" class=\"attachment-thumbnail size-thumbnail\" alt=\"\" \/><\/a>\n\t\t\t<\/div><\/figure><figure class='gallery-item'>\n\t\t\t<div class='gallery-icon landscape'>\n\t\t\t\t<a href='https:\/\/www.loschilcosdeliquine.cl\/wp-content\/uploads\/2017\/02\/00009.jpg'><img loading=\"lazy\" decoding=\"async\" width=\"150\" height=\"150\" src=\"https:\/\/www.loschilcosdeliquine.cl\/wp-content\/uploads\/2017\/02\/00009-150x150.jpg\" class=\"attachment-thumbnail size-thumbnail\" alt=\"\" \/><\/a>\n\t\t\t<\/div><\/figure><figure class='gallery-item'>\n\t\t\t<div class='gallery-icon landscape'>\n\t\t\t\t<a href='https:\/\/www.loschilcosdeliquine.cl\/wp-content\/uploads\/2017\/02\/00010.jpg'><img loading=\"lazy\" decoding=\"async\" width=\"150\" height=\"150\" src=\"https:\/\/www.loschilcosdeliquine.cl\/wp-content\/uploads\/2017\/02\/00010-150x150.jpg\" class=\"attachment-thumbnail size-thumbnail\" alt=\"\" \/><\/a>\n\t\t\t<\/div><\/figure><figure class='gallery-item'>\n\t\t\t<div class='gallery-icon landscape'>\n\t\t\t\t<a href='https:\/\/www.loschilcosdeliquine.cl\/wp-content\/uploads\/2017\/02\/00011.jpg'><img loading=\"lazy\" decoding=\"async\" width=\"150\" height=\"150\" src=\"https:\/\/www.loschilcosdeliquine.cl\/wp-content\/uploads\/2017\/02\/00011-150x150.jpg\" class=\"attachment-thumbnail size-thumbnail\" alt=\"\" \/><\/a>\n\t\t\t<\/div><\/figure><figure class='gallery-item'>\n\t\t\t<div class='gallery-icon landscape'>\n\t\t\t\t<a href='https:\/\/www.loschilcosdeliquine.cl\/wp-content\/uploads\/2017\/02\/00012.jpg'><img loading=\"lazy\" decoding=\"async\" width=\"150\" height=\"150\" src=\"https:\/\/www.loschilcosdeliquine.cl\/wp-content\/uploads\/2017\/02\/00012-150x150.jpg\" class=\"attachment-thumbnail size-thumbnail\" alt=\"\" \/><\/a>\n\t\t\t<\/div><\/figure><figure class='gallery-item'>\n\t\t\t<div class='gallery-icon landscape'>\n\t\t\t\t<a href='https:\/\/www.loschilcosdeliquine.cl\/wp-content\/uploads\/2017\/02\/00013.jpg'><img loading=\"lazy\" decoding=\"async\" width=\"150\" height=\"150\" src=\"https:\/\/www.loschilcosdeliquine.cl\/wp-content\/uploads\/2017\/02\/00013-150x150.jpg\" class=\"attachment-thumbnail size-thumbnail\" alt=\"\" \/><\/a>\n\t\t\t<\/div><\/figure><figure class='gallery-item'>\n\t\t\t<div class='gallery-icon landscape'>\n\t\t\t\t<a href='https:\/\/www.loschilcosdeliquine.cl\/wp-content\/uploads\/2017\/02\/00001-1.jpg'><img loading=\"lazy\" decoding=\"async\" width=\"150\" height=\"150\" src=\"https:\/\/www.loschilcosdeliquine.cl\/wp-content\/uploads\/2017\/02\/00001-1-150x150.jpg\" class=\"attachment-thumbnail size-thumbnail\" alt=\"\" \/><\/a>\n\t\t\t<\/div><\/figure><figure class='gallery-item'>\n\t\t\t<div class='gallery-icon landscape'>\n\t\t\t\t<a href='https:\/\/www.loschilcosdeliquine.cl\/wp-content\/uploads\/2017\/02\/00002-1.jpg'><img loading=\"lazy\" decoding=\"async\" width=\"150\" height=\"150\" src=\"https:\/\/www.loschilcosdeliquine.cl\/wp-content\/uploads\/2017\/02\/00002-1-150x150.jpg\" class=\"attachment-thumbnail size-thumbnail\" alt=\"\" \/><\/a>\n\t\t\t<\/div><\/figure><figure class='gallery-item'>\n\t\t\t<div class='gallery-icon landscape'>\n\t\t\t\t<a href='https:\/\/www.loschilcosdeliquine.cl\/wp-content\/uploads\/2017\/02\/00003-1.jpg'><img loading=\"lazy\" decoding=\"async\" width=\"150\" height=\"150\" src=\"https:\/\/www.loschilcosdeliquine.cl\/wp-content\/uploads\/2017\/02\/00003-1-150x150.jpg\" class=\"attachment-thumbnail size-thumbnail\" alt=\"\" \/><\/a>\n\t\t\t<\/div><\/figure>\n\t\t<\/div>\n\n","protected":false},"excerpt":{"rendered":"<p>Liqui\u00f1e cuenta con mas de 8 centros termales y est\u00e1 cercano a r\u00edos, lagos, Salto del Huilo Huilo, lago Neltume,[&#8230;]<\/p>\n","protected":false},"author":1,"featured_media":0,"parent":0,"menu_order":0,"comment_status":"closed","ping_status":"closed","template":"","meta":{"footnotes":""},"class_list":["post-103","page","type-page","status-publish","hentry"],"_links":{"self":[{"href":"https:\/\/www.loschilcosdeliquine.cl\/index.php\/wp-json\/wp\/v2\/pages\/103","targetHints":{"allow":["GET"]}}],"collection":[{"href":"https:\/\/www.loschilcosdeliquine.cl\/index.php\/wp-json\/wp\/v2\/pages"}],"about":[{"href":"https:\/\/www.loschilcosdeliquine.cl\/index.php\/wp-json\/wp\/v2\/types\/page"}],"author":[{"embeddable":true,"href":"https:\/\/www.loschilcosdeliquine.cl\/index.php\/wp-json\/wp\/v2\/users\/1"}],"replies":[{"embeddable":true,"href":"https:\/\/www.loschilcosdeliquine.cl\/index.php\/wp-json\/wp\/v2\/comments?post=103"}],"version-history":[{"count":8,"href":"https:\/\/www.loschilcosdeliquine.cl\/index.php\/wp-json\/wp\/v2\/pages\/103\/revisions"}],"predecessor-version":[{"id":204,"href":"https:\/\/www.loschilcosdeliquine.cl\/index.php\/wp-json\/wp\/v2\/pages\/103\/revisions\/204"}],"wp:attachment":[{"href":"https:\/\/www.loschilcosdeliquine.cl\/index.php\/wp-json\/wp\/v2\/media?parent=103"}],"curies":[{"name":"wp","href":"https:\/\/api.w.org\/{rel}","templated":true}]}}