{"id":101,"date":"2017-02-02T19:09:59","date_gmt":"2017-02-02T19:09:59","guid":{"rendered":"http:\/\/www.loschilcosdeliquine.cl\/?page_id=101"},"modified":"2018-01-25T12:35:34","modified_gmt":"2018-01-25T12:35:34","slug":"contacto","status":"publish","type":"page","link":"https:\/\/www.loschilcosdeliquine.cl\/index.php\/contacto\/","title":{"rendered":"Contacto"},"content":{"rendered":"<p>Para valores y disponibilidad comunicarse con <strong>Don Noe Cano<\/strong><\/p>\n<p>Celular Entel <strong>+56 9 9832 0800<\/strong><\/p>\n<p>Forma de pago en efectivo<\/p>\n<p>En Liqui\u00f1e hay negocios para comprar y una caja vecina del banco estado, no tiene cajero autom\u00e1tico, en Co\u00f1aripe y Panguipulli puedes encontrar cajero autom\u00e1tico.<\/p>\n","protected":false},"excerpt":{"rendered":"<p>Para valores y disponibilidad comunicarse con Don Noe Cano Celular Entel +56 9 9832 0800 Forma de pago en efectivo[&#8230;]<\/p>\n","protected":false},"author":1,"featured_media":0,"parent":0,"menu_order":0,"comment_status":"closed","ping_status":"closed","template":"","meta":{"footnotes":""},"class_list":["post-101","page","type-page","status-publish","hentry"],"_links":{"self":[{"href":"https:\/\/www.loschilcosdeliquine.cl\/index.php\/wp-json\/wp\/v2\/pages\/101","targetHints":{"allow":["GET"]}}],"collection":[{"href":"https:\/\/www.loschilcosdeliquine.cl\/index.php\/wp-json\/wp\/v2\/pages"}],"about":[{"href":"https:\/\/www.loschilcosdeliquine.cl\/index.php\/wp-json\/wp\/v2\/types\/page"}],"author":[{"embeddable":true,"href":"https:\/\/www.loschilcosdeliquine.cl\/index.php\/wp-json\/wp\/v2\/users\/1"}],"replies":[{"embeddable":true,"href":"https:\/\/www.loschilcosdeliquine.cl\/index.php\/wp-json\/wp\/v2\/comments?post=101"}],"version-history":[{"count":2,"href":"https:\/\/www.loschilcosdeliquine.cl\/index.php\/wp-json\/wp\/v2\/pages\/101\/revisions"}],"predecessor-version":[{"id":215,"href":"https:\/\/www.loschilcosdeliquine.cl\/index.php\/wp-json\/wp\/v2\/pages\/101\/revisions\/215"}],"wp:attachment":[{"href":"https:\/\/www.loschilcosdeliquine.cl\/index.php\/wp-json\/wp\/v2\/media?parent=101"}],"curies":[{"name":"wp","href":"https:\/\/api.w.org\/{rel}","templated":true}]}}